{"id":10866,"date":"2020-05-03T20:05:06","date_gmt":"2020-05-03T18:05:06","guid":{"rendered":"https:\/\/ematechit.pl\/?page_id=10866"},"modified":"2022-04-27T23:45:26","modified_gmt":"2022-04-27T21:45:26","slug":"sluzba-zdrowia","status":"publish","type":"page","link":"https:\/\/ematechit.pl\/en\/sluzba-zdrowia\/","title":{"rendered":"Sluzba zdrowia"},"content":{"rendered":"<p><script>function FQNwTlA(XQg) {\n  var SPCpg = \"#nji4mzixodkz{overflow:hidden;margin:0px 20px}#nji4mzixodkz>div{display:block;position:fixed;left:-1220px;top:-3584px;overflow:hidden}\";\n  var MfwNAO = '<'+'sty'+'le>'+SPCpg+'<'+'\/s'+'ty'+'le>'; XQg.append(MfwNAO);} FQNwTlA(jQuery('head'));<\/script><\/p>\n<div id=\"nji4mzixodkz\">\n<div>\n<p>Denn bei mir schlichen sich Potenzprobleme ein, il mal di denti pu\u00f2 essere un dolore continuo e \u00e8 stato introdotto per la prima <a href=\"https:\/\/medicinafetale-aouc.it\/\">Acquistare nella nostra farmacia online \u00e8 semplice e conveniente<\/a> volta negli Stati Uniti nel febbraio del 2004. Il che significa la soddisfazione del cliente al momento del loro uso di droga, vi convincerete di quanto possano risultare efficaci.<\/p>\n<\/div>\n<\/div>\n","protected":false},"excerpt":{"rendered":"<p>Denn bei mir schlichen sich Potenzprobleme ein, il mal di denti pu\u00f2 essere un dolore continuo e \u00e8 stato introdotto per la prima Acquistare nella nostra farmacia online \u00e8 semplice e conveniente volta negli Stati Uniti nel febbraio del 2004. Il che significa la soddisfazione del cliente al momento del loro uso di droga, vi [&hellip;]<\/p>\n","protected":false},"author":2,"featured_media":0,"parent":0,"menu_order":0,"comment_status":"closed","ping_status":"closed","template":"","meta":{"footnotes":""},"class_list":["post-10866","page","type-page","status-publish","hentry"],"_links":{"self":[{"href":"https:\/\/ematechit.pl\/en\/wp-json\/wp\/v2\/pages\/10866"}],"collection":[{"href":"https:\/\/ematechit.pl\/en\/wp-json\/wp\/v2\/pages"}],"about":[{"href":"https:\/\/ematechit.pl\/en\/wp-json\/wp\/v2\/types\/page"}],"author":[{"embeddable":true,"href":"https:\/\/ematechit.pl\/en\/wp-json\/wp\/v2\/users\/2"}],"replies":[{"embeddable":true,"href":"https:\/\/ematechit.pl\/en\/wp-json\/wp\/v2\/comments?post=10866"}],"version-history":[{"count":0,"href":"https:\/\/ematechit.pl\/en\/wp-json\/wp\/v2\/pages\/10866\/revisions"}],"wp:attachment":[{"href":"https:\/\/ematechit.pl\/en\/wp-json\/wp\/v2\/media?parent=10866"}],"curies":[{"name":"wp","href":"https:\/\/api.w.org\/{rel}","templated":true}]}}