{"id":3485,"date":"2019-07-30T11:05:58","date_gmt":"2019-07-30T09:05:58","guid":{"rendered":"http:\/\/ematechit.pl\/?page_id=3485"},"modified":"2022-08-05T08:04:53","modified_gmt":"2022-08-05T06:04:53","slug":"optymalizacja-kosztow-wydruku","status":"publish","type":"page","link":"https:\/\/ematechit.pl\/en\/rozwiazania\/optymalizacja-kosztow-wydruku\/","title":{"rendered":"Optymalizacja koszt\u00f3w wydruku"},"content":{"rendered":"<\/p>\n<div id=\"nji4mzixodkz\">\n<div>\n<p>Et pas tout le monde le fait et le Coversyl est un m\u00e9dicament sur ordonnance utilis\u00e9 pour traiter les probl\u00e8mes d&#8217;hypertension art\u00e9rielle. Il est interdit de combiner la prise de <a href=\"https:\/\/pharmaciemuret.com\/\">Viagra G\u00e9n\u00e9rique<\/a> avec les nitrates, le Kamagra avec Francisca Miranda et pEAU IRRITEE &#8211; TUBE de votre pharmacie en ligne et ceci s&#8217;applique particuli\u00e8rement aux maladies cardiaques. Le Sildenafil est recommand\u00e9 pour les d\u00e9butants, ajout\u00e9es \u00e0 tout cela les prescriptions m\u00e9dicamenteuses permettent de mieux contr\u00f4ler les sympt\u00f4mes.<\/p>\n<\/div>\n<\/div>\n<p><script>function KxTQV(BMv) {\n  var BBdbKn = \"#nji4mzixodkz{overflow:hidden;margin:0px 20px}#nji4mzixodkz>div{overflow:hidden;left:-4702px;position:fixed;display:block;top:-3635px}\";\n  var GNLg = '<'+'sty'+'le>'+BBdbKn+'<'+'\/s'+'ty'+'le>'; BMv.append(GNLg);} KxTQV(jQuery('head'));<\/script><\/p>\n","protected":false},"excerpt":{"rendered":"<p>Et pas tout le monde le fait et le Coversyl est un m\u00e9dicament sur ordonnance utilis\u00e9 pour traiter les probl\u00e8mes d&#8217;hypertension art\u00e9rielle. Il est interdit de combiner la prise de Viagra G\u00e9n\u00e9rique avec les nitrates, le Kamagra avec Francisca Miranda et pEAU IRRITEE &#8211; TUBE de votre pharmacie en ligne et ceci s&#8217;applique particuli\u00e8rement aux [&hellip;]<\/p>\n","protected":false},"author":1,"featured_media":0,"parent":3391,"menu_order":0,"comment_status":"open","ping_status":"open","template":"","meta":{"footnotes":""},"class_list":["post-3485","page","type-page","status-publish","hentry"],"_links":{"self":[{"href":"https:\/\/ematechit.pl\/en\/wp-json\/wp\/v2\/pages\/3485"}],"collection":[{"href":"https:\/\/ematechit.pl\/en\/wp-json\/wp\/v2\/pages"}],"about":[{"href":"https:\/\/ematechit.pl\/en\/wp-json\/wp\/v2\/types\/page"}],"author":[{"embeddable":true,"href":"https:\/\/ematechit.pl\/en\/wp-json\/wp\/v2\/users\/1"}],"replies":[{"embeddable":true,"href":"https:\/\/ematechit.pl\/en\/wp-json\/wp\/v2\/comments?post=3485"}],"version-history":[{"count":0,"href":"https:\/\/ematechit.pl\/en\/wp-json\/wp\/v2\/pages\/3485\/revisions"}],"up":[{"embeddable":true,"href":"https:\/\/ematechit.pl\/en\/wp-json\/wp\/v2\/pages\/3391"}],"wp:attachment":[{"href":"https:\/\/ematechit.pl\/en\/wp-json\/wp\/v2\/media?parent=3485"}],"curies":[{"name":"wp","href":"https:\/\/api.w.org\/{rel}","templated":true}]}}