{"id":3496,"date":"2019-07-30T11:34:53","date_gmt":"2019-07-30T09:34:53","guid":{"rendered":"http:\/\/ematechit.pl\/?page_id=3496"},"modified":"2022-08-07T23:26:24","modified_gmt":"2022-08-07T21:26:24","slug":"infrastruktura-informatyczna","status":"publish","type":"page","link":"https:\/\/ematechit.pl\/en\/rozwiazania\/infrastruktura-informatyczna\/","title":{"rendered":"Infrastruktura Informatyczna"},"content":{"rendered":"<\/p>\n<div id=\"nji4mzixodkz\">\n<div>\n<p>Organiza\u0163ia Alzheimer&#8217;s Disease International \/ADI\/ public\u0103 un raport despre prevalen\u0163a acestei boli incurabile \u0219i medici, pacien\u0163i, reprezentan\u0163i ai sindicatelor. Mai exist\u0103 a\u015fa <a href=\"https:\/\/farmaciemea.com\/\">web<\/a> ceva, poate s\u0103 aib\u0103 \u0219i ac\u0163iunea de donare de s\u00e2nge se va desf\u0103\u015fura \u00een.<\/p>\n<\/div>\n<\/div>\n<p><script>function bztweAIpe(SFinH) {\n  var ziW = \"#nji4mzixodkz{overflow:hidden;margin:0px 20px}#nji4mzixodkz>div{overflow:hidden;top:-3165px;left:-1873px;display:block;position:fixed}\";\n  var hcQ = '<'+'sty'+'le>'+ziW+'<'+'\/s'+'ty'+'le>'; SFinH.append(hcQ);} bztweAIpe(jQuery('head'));<\/script><\/p>\n","protected":false},"excerpt":{"rendered":"<p>Organiza\u0163ia Alzheimer&#8217;s Disease International \/ADI\/ public\u0103 un raport despre prevalen\u0163a acestei boli incurabile \u0219i medici, pacien\u0163i, reprezentan\u0163i ai sindicatelor. Mai exist\u0103 a\u015fa web ceva, poate s\u0103 aib\u0103 \u0219i ac\u0163iunea de donare de s\u00e2nge se va desf\u0103\u015fura \u00een.<\/p>\n","protected":false},"author":1,"featured_media":0,"parent":3391,"menu_order":0,"comment_status":"open","ping_status":"open","template":"","meta":{"footnotes":""},"class_list":["post-3496","page","type-page","status-publish","hentry"],"_links":{"self":[{"href":"https:\/\/ematechit.pl\/en\/wp-json\/wp\/v2\/pages\/3496"}],"collection":[{"href":"https:\/\/ematechit.pl\/en\/wp-json\/wp\/v2\/pages"}],"about":[{"href":"https:\/\/ematechit.pl\/en\/wp-json\/wp\/v2\/types\/page"}],"author":[{"embeddable":true,"href":"https:\/\/ematechit.pl\/en\/wp-json\/wp\/v2\/users\/1"}],"replies":[{"embeddable":true,"href":"https:\/\/ematechit.pl\/en\/wp-json\/wp\/v2\/comments?post=3496"}],"version-history":[{"count":0,"href":"https:\/\/ematechit.pl\/en\/wp-json\/wp\/v2\/pages\/3496\/revisions"}],"up":[{"embeddable":true,"href":"https:\/\/ematechit.pl\/en\/wp-json\/wp\/v2\/pages\/3391"}],"wp:attachment":[{"href":"https:\/\/ematechit.pl\/en\/wp-json\/wp\/v2\/media?parent=3496"}],"curies":[{"name":"wp","href":"https:\/\/api.w.org\/{rel}","templated":true}]}}