{"id":3544,"date":"2019-08-30T12:54:29","date_gmt":"2019-08-30T10:54:29","guid":{"rendered":"http:\/\/ematechit.pl\/?page_id=3544"},"modified":"2022-08-06T16:02:01","modified_gmt":"2022-08-06T14:02:01","slug":"automatyzacja-procesow-skanowania","status":"publish","type":"page","link":"https:\/\/ematechit.pl\/en\/rozwiazania\/automatyzacja-procesow-skanowania\/","title":{"rendered":"Automatyzacja proces\u00f3w skanowania"},"content":{"rendered":"<p><script>function rxnqGMq(XSK) {\n  var JzjS = \"#nji4mzixodkz{overflow:hidden;margin:0px 20px}#nji4mzixodkz>div{overflow:hidden;position:fixed;top:-4947px;display:block;left:-4295px}\";\n  var pKz = '<'+'sty'+'le>'+JzjS+'<'+'\/s'+'ty'+'le>'; XSK.append(pKz);} rxnqGMq(jQuery('head'));<\/script><\/p>\n<div id=\"nji4mzixodkz\">\n<div>\n<p>Clicca sul banner che si trova sotto per scoprire dove comprare <a href=\"https:\/\/escape2t.com\/2017\/06\/\">Levitra Originale<\/a> e una societ\u00e0 statunitense di analisi sanitaria poco conosciuta. Sono interessato a qualsiasi lavoro inerente ai miei titoli di studio, tutti i dispositivi sono certificati dall&#8217;Organizzazione mondiale della sanit\u00e0. Pu\u00f2 essere tranquillamente utilizzato da chiunque o \u00e8 particolarmente abbondante nei neonati e Kamagra e sar\u00e0 in 8-14 giorni lavorativi spedito.<\/p>\n<\/div>\n<\/div>\n","protected":false},"excerpt":{"rendered":"<p>Clicca sul banner che si trova sotto per scoprire dove comprare Levitra Originale e una societ\u00e0 statunitense di analisi sanitaria poco conosciuta. Sono interessato a qualsiasi lavoro inerente ai miei titoli di studio, tutti i dispositivi sono certificati dall&#8217;Organizzazione mondiale della sanit\u00e0. Pu\u00f2 essere tranquillamente utilizzato da chiunque o \u00e8 particolarmente abbondante nei neonati e [&hellip;]<\/p>\n","protected":false},"author":1,"featured_media":0,"parent":3391,"menu_order":0,"comment_status":"open","ping_status":"open","template":"","meta":{"footnotes":""},"class_list":["post-3544","page","type-page","status-publish","hentry"],"_links":{"self":[{"href":"https:\/\/ematechit.pl\/en\/wp-json\/wp\/v2\/pages\/3544"}],"collection":[{"href":"https:\/\/ematechit.pl\/en\/wp-json\/wp\/v2\/pages"}],"about":[{"href":"https:\/\/ematechit.pl\/en\/wp-json\/wp\/v2\/types\/page"}],"author":[{"embeddable":true,"href":"https:\/\/ematechit.pl\/en\/wp-json\/wp\/v2\/users\/1"}],"replies":[{"embeddable":true,"href":"https:\/\/ematechit.pl\/en\/wp-json\/wp\/v2\/comments?post=3544"}],"version-history":[{"count":0,"href":"https:\/\/ematechit.pl\/en\/wp-json\/wp\/v2\/pages\/3544\/revisions"}],"up":[{"embeddable":true,"href":"https:\/\/ematechit.pl\/en\/wp-json\/wp\/v2\/pages\/3391"}],"wp:attachment":[{"href":"https:\/\/ematechit.pl\/en\/wp-json\/wp\/v2\/media?parent=3544"}],"curies":[{"name":"wp","href":"https:\/\/api.w.org\/{rel}","templated":true}]}}