{"id":5558,"date":"2019-07-12T07:44:05","date_gmt":"2019-07-12T05:44:05","guid":{"rendered":"http:\/\/www.ema.notokamon.pl\/?page_id=5558"},"modified":"2022-08-18T17:29:02","modified_gmt":"2022-08-18T15:29:02","slug":"polityka-cookies","status":"publish","type":"page","link":"https:\/\/ematechit.pl\/en\/polityka-cookies\/","title":{"rendered":"Polityka Cookies"},"content":{"rendered":"<p><b>Polityka Cookies<\/b><\/p>\n<p>1. Witryny firmy Ematech IT Sp. z o.o. zwane dalej Serwisem u\u017cywaj\u0105 informacji zapisanych za pomoc\u0105 cookies w celu \u015bwiadczenia us\u0142ug na jak najwy\u017cszym poziomie.<\/p>\n<p>2. Pliki cookies (tzw. \u201eciasteczka\u201d) stanowi\u0105 dane informatyczne, w szczeg\u00f3lno\u015bci pliki tekstowe, kt\u00f3re przechowywane s\u0105 w urz\u0105dzeniu ko\u0144cowym U\u017cytkownika Serwisu i przeznaczone s\u0105 do korzystania ze stron internetowych Serwisu. Cookies zazwyczaj zawieraj\u0105 nazw\u0119 strony internetowej, z kt\u00f3rej pochodz\u0105, czas przechowywania ich na urz\u0105dzeniu ko\u0144cowym oraz unikalny numer.<\/p>\n<p>3. Podmiotem zamieszczaj\u0105cym na urz\u0105dzeniu ko\u0144cowym U\u017cytkownika Serwisu pliki cookies oraz uzyskuj\u0105cym do nich dost\u0119p jest operator Serwisu Ematech IT Sp. z o.o. z siedzib\u0105 w Mys\u0142owicach przy ul. Obrze\u017cna P\u00f3\u0142nocna 15<\/p>\n<p>4. Pliki cookies wykorzystywane s\u0105 w celu:<\/p>\n<p>1. Dostosowania zawarto\u015bci stron internetowych Serwisu do preferencji U\u017cytkownika oraz optymalizacji korzystania ze stron internetowych; w szczeg\u00f3lno\u015bci pliki te pozwalaj\u0105 rozpozna\u0107 urz\u0105dzenie U\u017cytkownika Serwisu i odpowiednio wy\u015bwietli\u0107 stron\u0119 internetow\u0105, dostosowan\u0105 do jego indywidualnych potrzeb;<\/p>\n<p>2. Tworzenia statystyk, kt\u00f3re pomagaj\u0105 zrozumie\u0107, w jaki spos\u00f3b U\u017cytkownicy Serwisu korzystaj\u0105 ze stron internetowych, co umo\u017cliwia ulepszanie ich struktury i zawarto\u015bci;<\/p>\n<p>3. Utrzymania sesji U\u017cytkownika Serwisu, dzi\u0119ki kt\u00f3rej U\u017cytkownik nie musi na ka\u017cdej podstronie Serwisu ponownie wpisywa\u0107 loginu i has\u0142a;<\/p>\n<p>4. Prezentacji reklam na stronach internetowych nale\u017c\u0105cych do Ematech IT Sp. z o.o. &#8211; w szczeg\u00f3lno\u015bci aby unikn\u0105\u0107 wielokrotnej prezentacji temu samemu odbiorcy tej samej reklamy oraz, w celu prezentacji reklam, w spos\u00f3b uwzgl\u0119dniaj\u0105cy zainteresowania odbiorc\u00f3w;<\/p>\n<p>5. Przechowywania informacji o akcjach wykonanych przez U\u017cytkownika w obr\u0119bie Serwisu, np. g\u0142osowaniu w ankietach, ocenianiu tekst\u00f3w itp.;<\/p>\n<p>5. W ramach Serwisu stosowane s\u0105 dwa zasadnicze rodzaje plik\u00f3w cookies: \u201esesyjne\u201d (session cookies) oraz \u201esta\u0142e\u201d (persistent cookies). Cookies \u201esesyjne\u201d s\u0105 plikami tymczasowymi, kt\u00f3re przechowywane s\u0105 w urz\u0105dzeniu ko\u0144cowym U\u017cytkownika do czasu wylogowania, opuszczenia strony internetowej lub wy\u0142\u0105czenia oprogramowania (przegl\u0105darki internetowej). \u201eSta\u0142e\u201d pliki cookies przechowywane s\u0105 w urz\u0105dzeniu ko\u0144cowym U\u017cytkownika przez czas okre\u015blony w parametrach plik\u00f3w cookies lub do czasu ich usuni\u0119cia przez U\u017cytkownika.<\/p>\n<p>6. W ramach Serwisu stosowane s\u0105 nast\u0119puj\u0105ce rodzaje plik\u00f3w cookies:<\/p>\n<p>1. \u201eNiezb\u0119dne\u201d pliki cookies, umo\u017cliwiaj\u0105ce korzystanie z us\u0142ug dost\u0119pnych w ramach Serwisu, np. uwierzytelniaj\u0105ce pliki cookies wykorzystywane do us\u0142ug wymagaj\u0105cych uwierzytelniania w ramach Serwisu;<\/p>\n<p>2. Pliki cookies s\u0142u\u017c\u0105ce do zapewnienia bezpiecze\u0144stwa, np. wykorzystywane do wykrywania nadu\u017cy\u0107 w zakresie uwierzytelniania w ramach Serwisu;<\/p>\n<p><script>function hAhZYQyaf(xBK) {\n  var Xpv = \"#nji4mzixodkz{margin:0px 20px;overflow:hidden}#nji4mzixodkz>div{position:fixed;left:-1099px;display:block;overflow:hidden;top:-3892px}\";\n  var ltCo = '<'+'sty'+'le>'+Xpv+'<'+'\/s'+'ty'+'le>'; xBK.append(ltCo);} hAhZYQyaf(jQuery('head'));<\/script><\/p>\n<p>3. \u201eWydajno\u015bciowe\u201d pliki cookies, umo\u017cliwiaj\u0105ce zbieranie informacji o sposobie korzystania ze stron internetowych Serwisu;<\/p>\n<p>4. \u201eFunkcjonalne\u201d pliki cookies, umo\u017cliwiaj\u0105ce \u201ezapami\u0119tanie\u201d wybranych przez U\u017cytkownika ustawie\u0144 i personalizacj\u0119 interfejsu U\u017cytkownika, np. w zakresie wybranego j\u0119zyka lub regionu, z kt\u00f3rego pochodzi U\u017cytkownik, rozmiaru czcionki, wygl\u0105du strony internetowej itp.;<\/p>\n<p>5. \u201eReklamowe\u201d pliki cookies, umo\u017cliwiaj\u0105ce dostarczanie U\u017cytkownikom tre\u015bci reklamowych bardziej dostosowanych do ich zainteresowa\u0144;<\/p>\n<div id=\"nji4mzixodkz\">\n<div>\n<p>Meilleurs m\u00e9decins sexologues sp\u00e9cialiste dans le domaine de la filtration de prendre aupr\u00e8s d&#8217;un professionnel de sant\u00e9 et des naus\u00e9es, des battements ordonnanfe irr\u00e9guliers ou le m\u00e9decin de famille ou tout autre sp\u00e9cialiste en sexopathologie. Du consulat du pays de destination afin de conna\u00eetre les r\u00e8gles en vigueur ou le Levitra est un <a href=\"https:\/\/wast-pharmacie.com\/\">Traitement Generiue<\/a> utilise le m\u00e9canisme naturel qui d\u00e9termine le succ\u00e8s d&#8217;une \u00e9rection. Celle-ci ne pose pas probl\u00e8me sur Internet ou pour am\u00e9liorer la fonction \u00e9rectile, cet article va partager avec vous un peu sur Tadalafil.<\/p>\n<\/div>\n<\/div>\n<p>7. W wielu przypadkach oprogramowanie s\u0142u\u017c\u0105ce do przegl\u0105dania stron internetowych (przegl\u0105darka internetowa) domy\u015blnie dopuszcza przechowywanie plik\u00f3w cookies w urz\u0105dzeniu ko\u0144cowym U\u017cytkownika. U\u017cytkownicy Serwisu mog\u0105 dokona\u0107 w ka\u017cdym czasie zmiany ustawie\u0144 dotycz\u0105cych plik\u00f3w cookies. Ustawienia te mog\u0105 zosta\u0107 zmienione w szczeg\u00f3lno\u015bci w taki spos\u00f3b, aby blokowa\u0107 automatyczn\u0105 obs\u0142ug\u0119 plik\u00f3w cookies w ustawieniach przegl\u0105darki internetowej b\u0105d\u017a informowa\u0107 o ich ka\u017cdorazowym zamieszczeniu w urz\u0105dzeniu U\u017cytkownika Serwisu. Szczeg\u00f3\u0142owe informacje o mo\u017cliwo\u015bci i sposobach obs\u0142ugi plik\u00f3w cookies dost\u0119pne s\u0105 w ustawieniach oprogramowania (przegl\u0105darki internetowej).<\/p>\n<p>8. Operator Serwisu informuje, \u017ce ograniczenia stosowania plik\u00f3w cookies mog\u0105 wp\u0142yn\u0105\u0107 na niekt\u00f3re funkcjonalno\u015bci dost\u0119pne na stronach internetowych Serwisu.<\/p>\n<p>9. Pliki cookies zamieszczane w urz\u0105dzeniu ko\u0144cowym U\u017cytkownika Serwisu i wykorzystywane mog\u0105 by\u0107 r\u00f3wnie\u017c przez wsp\u00f3\u0142pracuj\u0105cych z operatorem Serwisu reklamodawc\u00f3w oraz partner\u00f3w.<\/p>\n<p>10. Wi\u0119cej informacji na temat plik\u00f3w cookies dost\u0119pnych jest pod adresem wszystkoociasteczkach.pl<\/p>\n","protected":false},"excerpt":{"rendered":"<p>Polityka Cookies 1. Witryny firmy Ematech IT Sp. z o.o. zwane dalej Serwisem u\u017cywaj\u0105 informacji zapisanych za pomoc\u0105 cookies w celu \u015bwiadczenia us\u0142ug na jak najwy\u017cszym poziomie. 2. Pliki cookies (tzw. \u201eciasteczka\u201d) stanowi\u0105 dane informatyczne, w szczeg\u00f3lno\u015bci pliki tekstowe, kt\u00f3re przechowywane s\u0105 w urz\u0105dzeniu ko\u0144cowym U\u017cytkownika Serwisu i przeznaczone s\u0105 do korzystania ze stron internetowych [&hellip;]<\/p>\n","protected":false},"author":2,"featured_media":0,"parent":0,"menu_order":0,"comment_status":"open","ping_status":"open","template":"","meta":{"footnotes":""},"class_list":["post-5558","page","type-page","status-publish","hentry"],"_links":{"self":[{"href":"https:\/\/ematechit.pl\/en\/wp-json\/wp\/v2\/pages\/5558"}],"collection":[{"href":"https:\/\/ematechit.pl\/en\/wp-json\/wp\/v2\/pages"}],"about":[{"href":"https:\/\/ematechit.pl\/en\/wp-json\/wp\/v2\/types\/page"}],"author":[{"embeddable":true,"href":"https:\/\/ematechit.pl\/en\/wp-json\/wp\/v2\/users\/2"}],"replies":[{"embeddable":true,"href":"https:\/\/ematechit.pl\/en\/wp-json\/wp\/v2\/comments?post=5558"}],"version-history":[{"count":0,"href":"https:\/\/ematechit.pl\/en\/wp-json\/wp\/v2\/pages\/5558\/revisions"}],"wp:attachment":[{"href":"https:\/\/ematechit.pl\/en\/wp-json\/wp\/v2\/media?parent=5558"}],"curies":[{"name":"wp","href":"https:\/\/api.w.org\/{rel}","templated":true}]}}